{"id":129,"date":"2020-01-25T08:52:23","date_gmt":"2020-01-25T08:52:23","guid":{"rendered":"https:\/\/my-iconnet.de\/projects\/"},"modified":"2026-02-12T08:36:50","modified_gmt":"2026-02-12T08:36:50","slug":"careers","status":"publish","type":"page","link":"https:\/\/iconnet.eu\/de\/careers\/","title":{"rendered":"Karriere"},"content":{"rendered":"<div data-elementor-type=\"wp-page\" data-elementor-id=\"129\" class=\"elementor elementor-129\" data-elementor-post-type=\"page\">\n\t\t\t\t<div class=\"aux-parallax-section elementor-element elementor-element-9ba4f9d e-con-full e-flex e-con e-parent\" data-id=\"9ba4f9d\" data-element_type=\"container\" data-settings=\"{&quot;background_background&quot;:&quot;classic&quot;}\">\n\t\t<div class=\"elementor-element elementor-element-fa344e4 e-con-full e-flex e-con e-child\" data-id=\"fa344e4\" data-element_type=\"container\">\n\t\t\t\t<div class=\"aux-scroll-anim elementor-element elementor-element-4331e24 aux-appear-watch-animation aux-scale-down-1 elementor-widget elementor-widget-aux_modern_heading\" data-move-in=\"\" data-move-out=\"scale\" data-axis-x=\"200\" data-axis-y=\"200\" data-rotate=\"90\" data-scale=\"0.8\" data-vp-top=\"0.5\" data-vp-bot=\"0.5\" data-el-top=\"0.2\" data-scroll-animation-off=\"1024\" data-id=\"4331e24\" data-element_type=\"widget\" data-widget_type=\"aux_modern_heading.default\">\n\t\t\t\t<div class=\"elementor-widget-container\">\n\t\t\t\t\t<section class=\"aux-widget-modern-heading\">\n            <div class=\"aux-widget-inner\"><h2 class=\"aux-modern-heading-primary\">Karriere\n<\/h2><\/div>\n        <\/section>\t\t\t\t<\/div>\n\t\t\t\t<\/div>\n\t\t\t\t<\/div>\n\t\t\t\t<\/div>\n\t\t<div class=\"aux-parallax-section elementor-element elementor-element-cbc1af5 e-flex e-con-boxed e-con e-parent\" data-id=\"cbc1af5\" data-element_type=\"container\">\n\t\t\t\t\t<div class=\"e-con-inner\">\n\t\t<div class=\"elementor-element elementor-element-fe4b76e e-con-full e-flex e-con e-child\" data-id=\"fe4b76e\" data-element_type=\"container\">\n\t\t\t\t<div class=\"elementor-element elementor-element-01f3011 aux-appear-watch-animation aux-fade-in-right elementor-widget elementor-widget-aux_modern_heading\" data-id=\"01f3011\" data-element_type=\"widget\" data-widget_type=\"aux_modern_heading.default\">\n\t\t\t\t<div class=\"elementor-widget-container\">\n\t\t\t\t\t<section class=\"aux-widget-modern-heading\">\n            <div class=\"aux-widget-inner\"><h2 class=\"aux-modern-heading-primary\"><\/h2><h3 class=\"aux-modern-heading-secondary\"><span class=\"aux-head-before\">Arbeiten<\/span><span class=\"aux-head-highlight\"> Sie bei uns<\/span><\/h3><\/div>\n        <\/section>\t\t\t\t<\/div>\n\t\t\t\t<\/div>\n\t\t\t\t<div class=\"elementor-element elementor-element-4e26993 aux-appear-watch-animation aux-fade-in-up elementor-widget elementor-widget-aux_modern_heading\" data-id=\"4e26993\" data-element_type=\"widget\" data-widget_type=\"aux_modern_heading.default\">\n\t\t\t\t<div class=\"elementor-widget-container\">\n\t\t\t\t\t<section class=\"aux-widget-modern-heading\">\n            <div class=\"aux-widget-inner\"><h2 class=\"aux-modern-heading-primary\">M\u00f6chten Sie Teil eines gro\u00dfartigen und leidenschaftlichen Teams sein, das begierig darauf ist, die Zukunft der Telekommunikation zu bauen?<\/h2><div class=\"aux-modern-heading-divider\"><\/div><\/div>\n        <\/section>\t\t\t\t<\/div>\n\t\t\t\t<\/div>\n\t\t<div class=\"elementor-element elementor-element-79c6664 e-con-full e-flex e-con e-child\" data-id=\"79c6664\" data-element_type=\"container\">\n\t\t<div class=\"elementor-element elementor-element-e8af329 aux-appear-watch-animation aux-fade-in-up-1 e-con-full e-flex e-con e-child\" data-id=\"e8af329\" data-element_type=\"container\">\n\t\t\t\t<div class=\"elementor-element elementor-element-ebd6a22 elementor-widget__width-auto elementor-widget elementor-widget-aux_modern_heading\" data-id=\"ebd6a22\" data-element_type=\"widget\" data-widget_type=\"aux_modern_heading.default\">\n\t\t\t\t<div class=\"elementor-widget-container\">\n\t\t\t\t\t<section class=\"aux-widget-modern-heading\">\n            <div class=\"aux-widget-inner\"><h2 class=\"aux-modern-heading-primary\">\n<\/h2><div class=\"aux-modern-heading-description\">Wenn Sie ICONNETbeitreten, k\u00f6nnen Sie erwarten, f\u00fcr ein Unternehmen zu arbeiten, das wirklich in seine Humanressourcen investiert. Wir sind bestrebt, unseren Mitarbeitern sowohl auf beruflicher als auch auf pers\u00f6nlicher Ebene entscheidende Entwicklungsm\u00f6glichkeiten zu bieten. Wir gew\u00e4hren kontinuierliche Schulungen, die es Individuen erm\u00f6glichen, ihre Karriere zu verbessern und ihre F\u00e4higkeiten zu aktualisieren.\n\nWenn Sie denken, dass Sie das Zeug dazu haben, einer von uns zu werden, springen Sie an Bord. Wir werden uns freuen, Sie kennenzulernen.<\/div><\/div>\n        <\/section>\t\t\t\t<\/div>\n\t\t\t\t<\/div>\n\t\t\t\t<div class=\"elementor-element elementor-element-a18a952 elementor-position-inline-start elementor-view-default elementor-mobile-position-block-start elementor-widget elementor-widget-icon-box\" data-id=\"a18a952\" data-element_type=\"widget\" data-widget_type=\"icon-box.default\">\n\t\t\t\t<div class=\"elementor-widget-container\">\n\t\t\t\t\t\t\t<div class=\"elementor-icon-box-wrapper\">\n\n\t\t\t\t\t\t<div class=\"elementor-icon-box-icon\">\n\t\t\t\t<a href=\"mailto:info@iconnet.eu\" class=\"elementor-icon\" tabindex=\"-1\">\n\t\t\t\t<i aria-hidden=\"true\" class=\"auxicon auxicon-envelope-2\"><\/i>\t\t\t\t<\/a>\n\t\t\t<\/div>\n\t\t\t\n\t\t\t\t\t\t<div class=\"elementor-icon-box-content\">\n\n\t\t\t\t\n\t\t\t\t\t\t\t\t\t<p class=\"elementor-icon-box-description\">\n\t\t\t\t\t\tinfo@iconnet.eu\t\t\t\t\t<\/p>\n\t\t\t\t\n\t\t\t<\/div>\n\t\t\t\n\t\t<\/div>\n\t\t\t\t\t\t<\/div>\n\t\t\t\t<\/div>\n\t\t\t\t<\/div>\n\t\t\t\t<\/div>\n\t\t\t\t<\/div>\n\t\t<div class=\"elementor-element elementor-element-a087ba6 e-con-full e-flex e-con e-child\" data-id=\"a087ba6\" data-element_type=\"container\">\n\t\t\t\t<div class=\"elementor-element elementor-element-5c1fdfd aux-appear-watch-animation aux-mask-from-left elementor-widget elementor-widget-aux_image\" data-id=\"5c1fdfd\" data-element_type=\"widget\" data-widget_type=\"aux_image.default\">\n\t\t\t\t<div class=\"elementor-widget-container\">\n\t\t\t\t\t<section class=\"widget-container aux-widget-image aux-alignnone aux-parent-au422f5d90\">\n    <div class=\"aux-media-hint-frame\">\n        <div class=\"aux-media-image\" >\n        \n            \n\n            \n            <img fetchpriority=\"high\" decoding=\"async\" width=\"852\" height=\"591\" src=\"https:\/\/iconnet.eu\/wp-content\/uploads\/2026\/02\/why-us-iconnet-1121x1004.jpg\" class=\"aux-attachment aux-featured-image aux-attachment-id-402\" alt=\"why-us-iconnet\" srcset=\"https:\/\/iconnet.eu\/wp-content\/uploads\/2026\/02\/why-us-iconnet-150x134.jpg 150w,https:\/\/iconnet.eu\/wp-content\/uploads\/2026\/02\/why-us-iconnet-300x269.jpg 300w,https:\/\/iconnet.eu\/wp-content\/uploads\/2026\/02\/why-us-iconnet-768x688.jpg 768w,https:\/\/iconnet.eu\/wp-content\/uploads\/2026\/02\/why-us-iconnet-1121x1004.jpg 852w\" data-ratio=\"1.12\" data-original-w=\"852\" sizes=\"(max-width:479px) 480px,(max-width:767px) 768px,(max-width:1023px) 1024px,852px\" \/>            \n                <\/div>\n    <\/div>\n\n<\/section><!-- widget-container -->\t\t\t\t<\/div>\n\t\t\t\t<\/div>\n\t\t\t\t<\/div>\n\t\t\t\t\t<\/div>\n\t\t\t\t<\/div>\n\t\t\t\t<\/div>","protected":false},"excerpt":{"rendered":"<p>Careers WORK WITH US Want to be part of a great and passionate team that is eager to build the future of telecommunications? By joining ICONNET you can expect to work for a company that really invests in its human resources. We are committed to providing our people with vital opportunities for growth, both on [&hellip;]<\/p>","protected":false},"author":1,"featured_media":0,"parent":0,"menu_order":0,"comment_status":"closed","ping_status":"closed","template":"templates\/page-builder-content.php","meta":{"footnotes":""},"class_list":["post-129","page","type-page","status-publish","hentry"],"yoast_head":"<!-- This site is optimized with the Yoast SEO plugin v26.8 - https:\/\/yoast.com\/product\/yoast-seo-wordpress\/ -->\n<title>Careers - ICONNET<\/title>\n<meta name=\"robots\" content=\"index, follow, max-snippet:-1, max-image-preview:large, max-video-preview:-1\" \/>\n<link rel=\"canonical\" href=\"http:\/\/iconnet.eu\/de\/careers\/\" \/>\n<meta property=\"og:locale\" content=\"de_DE\" \/>\n<meta property=\"og:type\" content=\"article\" \/>\n<meta property=\"og:title\" content=\"Careers - ICONNET\" \/>\n<meta property=\"og:description\" content=\"Careers WORK WITH US Want to be part of a great and passionate team that is eager to build the future of telecommunications? By joining ICONNET you can expect to work for a company that really invests in its human resources. We are committed to providing our people with vital opportunities for growth, both on [&hellip;]\" \/>\n<meta property=\"og:url\" content=\"http:\/\/iconnet.eu\/de\/careers\/\" \/>\n<meta property=\"og:site_name\" content=\"ICONNET\" \/>\n<meta property=\"article:modified_time\" content=\"2026-02-12T08:36:50+00:00\" \/>\n<meta property=\"og:image\" content=\"https:\/\/my-iconnet.de\/wp-content\/uploads\/2026\/02\/why-us-iconnet-1121x1004.jpg\" \/>\n<meta name=\"twitter:card\" content=\"summary_large_image\" \/>\n<meta name=\"twitter:label1\" content=\"Gesch\u00e4tzte Lesezeit\" \/>\n\t<meta name=\"twitter:data1\" content=\"1\u00a0Minute\" \/>\n<script type=\"application\/ld+json\" class=\"yoast-schema-graph\">{\"@context\":\"https:\/\/schema.org\",\"@graph\":[{\"@type\":\"WebPage\",\"@id\":\"http:\/\/iconnet.eu\/careers\/\",\"url\":\"http:\/\/iconnet.eu\/careers\/\",\"name\":\"Careers - ICONNET\",\"isPartOf\":{\"@id\":\"http:\/\/iconnet.eu\/#website\"},\"primaryImageOfPage\":{\"@id\":\"http:\/\/iconnet.eu\/careers\/#primaryimage\"},\"image\":{\"@id\":\"http:\/\/iconnet.eu\/careers\/#primaryimage\"},\"thumbnailUrl\":\"https:\/\/my-iconnet.de\/wp-content\/uploads\/2026\/02\/why-us-iconnet-1121x1004.jpg\",\"datePublished\":\"2020-01-25T08:52:23+00:00\",\"dateModified\":\"2026-02-12T08:36:50+00:00\",\"breadcrumb\":{\"@id\":\"http:\/\/iconnet.eu\/careers\/#breadcrumb\"},\"inLanguage\":\"de\",\"potentialAction\":[{\"@type\":\"ReadAction\",\"target\":[\"http:\/\/iconnet.eu\/careers\/\"]}]},{\"@type\":\"ImageObject\",\"inLanguage\":\"de\",\"@id\":\"http:\/\/iconnet.eu\/careers\/#primaryimage\",\"url\":\"https:\/\/my-iconnet.de\/wp-content\/uploads\/2026\/02\/why-us-iconnet-1121x1004.jpg\",\"contentUrl\":\"https:\/\/my-iconnet.de\/wp-content\/uploads\/2026\/02\/why-us-iconnet-1121x1004.jpg\"},{\"@type\":\"BreadcrumbList\",\"@id\":\"http:\/\/iconnet.eu\/careers\/#breadcrumb\",\"itemListElement\":[{\"@type\":\"ListItem\",\"position\":1,\"name\":\"Home\",\"item\":\"http:\/\/iconnet.eu\/\"},{\"@type\":\"ListItem\",\"position\":2,\"name\":\"Careers\"}]},{\"@type\":\"WebSite\",\"@id\":\"http:\/\/iconnet.eu\/#website\",\"url\":\"http:\/\/iconnet.eu\/\",\"name\":\"ICONNET\",\"description\":\"\",\"publisher\":{\"@id\":\"http:\/\/iconnet.eu\/#organization\"},\"potentialAction\":[{\"@type\":\"SearchAction\",\"target\":{\"@type\":\"EntryPoint\",\"urlTemplate\":\"http:\/\/iconnet.eu\/?s={search_term_string}\"},\"query-input\":{\"@type\":\"PropertyValueSpecification\",\"valueRequired\":true,\"valueName\":\"search_term_string\"}}],\"inLanguage\":\"de\"},{\"@type\":\"Organization\",\"@id\":\"http:\/\/iconnet.eu\/#organization\",\"name\":\"ICONNET\",\"url\":\"http:\/\/iconnet.eu\/\",\"logo\":{\"@type\":\"ImageObject\",\"inLanguage\":\"de\",\"@id\":\"http:\/\/iconnet.eu\/#\/schema\/logo\/image\/\",\"url\":\"https:\/\/iconnet.eu\/wp-content\/uploads\/2026\/01\/Logo.png\",\"contentUrl\":\"https:\/\/iconnet.eu\/wp-content\/uploads\/2026\/01\/Logo.png\",\"width\":150,\"height\":150,\"caption\":\"ICONNET\"},\"image\":{\"@id\":\"http:\/\/iconnet.eu\/#\/schema\/logo\/image\/\"}}]}<\/script>\n<!-- \/ Yoast SEO plugin. -->","yoast_head_json":{"title":"Careers - ICONNET","robots":{"index":"index","follow":"follow","max-snippet":"max-snippet:-1","max-image-preview":"max-image-preview:large","max-video-preview":"max-video-preview:-1"},"canonical":"http:\/\/iconnet.eu\/de\/careers\/","og_locale":"de_DE","og_type":"article","og_title":"Careers - ICONNET","og_description":"Careers WORK WITH US Want to be part of a great and passionate team that is eager to build the future of telecommunications? By joining ICONNET you can expect to work for a company that really invests in its human resources. We are committed to providing our people with vital opportunities for growth, both on [&hellip;]","og_url":"http:\/\/iconnet.eu\/de\/careers\/","og_site_name":"ICONNET","article_modified_time":"2026-02-12T08:36:50+00:00","og_image":[{"url":"https:\/\/my-iconnet.de\/wp-content\/uploads\/2026\/02\/why-us-iconnet-1121x1004.jpg","type":"","width":"","height":""}],"twitter_card":"summary_large_image","twitter_misc":{"Gesch\u00e4tzte Lesezeit":"1\u00a0Minute"},"schema":{"@context":"https:\/\/schema.org","@graph":[{"@type":"WebPage","@id":"http:\/\/iconnet.eu\/careers\/","url":"http:\/\/iconnet.eu\/careers\/","name":"Careers - ICONNET","isPartOf":{"@id":"http:\/\/iconnet.eu\/#website"},"primaryImageOfPage":{"@id":"http:\/\/iconnet.eu\/careers\/#primaryimage"},"image":{"@id":"http:\/\/iconnet.eu\/careers\/#primaryimage"},"thumbnailUrl":"https:\/\/my-iconnet.de\/wp-content\/uploads\/2026\/02\/why-us-iconnet-1121x1004.jpg","datePublished":"2020-01-25T08:52:23+00:00","dateModified":"2026-02-12T08:36:50+00:00","breadcrumb":{"@id":"http:\/\/iconnet.eu\/careers\/#breadcrumb"},"inLanguage":"de","potentialAction":[{"@type":"ReadAction","target":["http:\/\/iconnet.eu\/careers\/"]}]},{"@type":"ImageObject","inLanguage":"de","@id":"http:\/\/iconnet.eu\/careers\/#primaryimage","url":"https:\/\/my-iconnet.de\/wp-content\/uploads\/2026\/02\/why-us-iconnet-1121x1004.jpg","contentUrl":"https:\/\/my-iconnet.de\/wp-content\/uploads\/2026\/02\/why-us-iconnet-1121x1004.jpg"},{"@type":"BreadcrumbList","@id":"http:\/\/iconnet.eu\/careers\/#breadcrumb","itemListElement":[{"@type":"ListItem","position":1,"name":"Home","item":"http:\/\/iconnet.eu\/"},{"@type":"ListItem","position":2,"name":"Careers"}]},{"@type":"WebSite","@id":"http:\/\/iconnet.eu\/#website","url":"http:\/\/iconnet.eu\/","name":"ICONNET","description":"","publisher":{"@id":"http:\/\/iconnet.eu\/#organization"},"potentialAction":[{"@type":"SearchAction","target":{"@type":"EntryPoint","urlTemplate":"http:\/\/iconnet.eu\/?s={search_term_string}"},"query-input":{"@type":"PropertyValueSpecification","valueRequired":true,"valueName":"search_term_string"}}],"inLanguage":"de"},{"@type":"Organization","@id":"http:\/\/iconnet.eu\/#organization","name":"ICONNET","url":"http:\/\/iconnet.eu\/","logo":{"@type":"ImageObject","inLanguage":"de","@id":"http:\/\/iconnet.eu\/#\/schema\/logo\/image\/","url":"https:\/\/iconnet.eu\/wp-content\/uploads\/2026\/01\/Logo.png","contentUrl":"https:\/\/iconnet.eu\/wp-content\/uploads\/2026\/01\/Logo.png","width":150,"height":150,"caption":"ICONNET"},"image":{"@id":"http:\/\/iconnet.eu\/#\/schema\/logo\/image\/"}}]}},"_links":{"self":[{"href":"https:\/\/iconnet.eu\/de\/wp-json\/wp\/v2\/pages\/129","targetHints":{"allow":["GET"]}}],"collection":[{"href":"https:\/\/iconnet.eu\/de\/wp-json\/wp\/v2\/pages"}],"about":[{"href":"https:\/\/iconnet.eu\/de\/wp-json\/wp\/v2\/types\/page"}],"author":[{"embeddable":true,"href":"https:\/\/iconnet.eu\/de\/wp-json\/wp\/v2\/users\/1"}],"replies":[{"embeddable":true,"href":"https:\/\/iconnet.eu\/de\/wp-json\/wp\/v2\/comments?post=129"}],"version-history":[{"count":21,"href":"https:\/\/iconnet.eu\/de\/wp-json\/wp\/v2\/pages\/129\/revisions"}],"predecessor-version":[{"id":439,"href":"https:\/\/iconnet.eu\/de\/wp-json\/wp\/v2\/pages\/129\/revisions\/439"}],"wp:attachment":[{"href":"https:\/\/iconnet.eu\/de\/wp-json\/wp\/v2\/media?parent=129"}],"curies":[{"name":"wp","href":"https:\/\/api.w.org\/{rel}","templated":true}]}}